{"id":4356,"date":"2022-12-22T18:52:38","date_gmt":"2022-12-22T17:52:38","guid":{"rendered":"https:\/\/igq.it\/services\/attestazioni-di-conformita-industria-4-0-2\/"},"modified":"2023-01-26T11:12:32","modified_gmt":"2023-01-26T10:12:32","slug":"attestazioni-di-conformita-industria-4-0","status":"publish","type":"page","link":"https:\/\/igq.it\/en\/services\/attestazioni-di-conformita-industria-4-0\/","title":{"rendered":"Attestazioni di conformit\u00e0 &#8220;Industria 4.0&#8221;"},"content":{"rendered":"<p><div class=\"fusion-fullwidth fullwidth-box fusion-builder-row-1 fusion-flex-container nonhundred-percent-fullwidth non-hundred-percent-height-scrolling\" style=\"--awb-border-radius-top-left:0px;--awb-border-radius-top-right:0px;--awb-border-radius-bottom-right:0px;--awb-border-radius-bottom-left:0px;--awb-padding-top:0px;--awb-padding-top-medium:40px;--awb-padding-bottom-medium:48px;--awb-padding-top-small:0px;--awb-padding-bottom-small:20px;--awb-flex-wrap:wrap;\" ><div class=\"fusion-builder-row fusion-row fusion-flex-align-items-flex-start fusion-flex-justify-content-center fusion-flex-content-wrap\" style=\"max-width:1310.4px;margin-left: calc(-4% \/ 2 );margin-right: calc(-4% \/ 2 );\"><div class=\"fusion-layout-column fusion_builder_column fusion-builder-column-0 fusion_builder_column_3_5 3_5 fusion-flex-column\" style=\"--awb-bg-size:cover;--awb-width-large:60%;--awb-margin-top-large:20px;--awb-spacing-right-large:3.2%;--awb-margin-bottom-large:20px;--awb-spacing-left-large:3.2%;--awb-width-medium:66.666666666667%;--awb-order-medium:0;--awb-spacing-right-medium:2.88%;--awb-spacing-left-medium:2.88%;--awb-width-small:100%;--awb-order-small:0;--awb-spacing-right-small:1.92%;--awb-spacing-left-small:1.92%;\"><div class=\"fusion-column-wrapper fusion-column-has-shadow fusion-flex-justify-content-flex-start fusion-content-layout-column\"><div class=\"fusion-text fusion-text-1\"><p>La Legge 11 dicembre 2016, n. 232 introdusse per macchine ed impianti nuovi, purch\u00e9 interconnessi al sistema aziendale di gestione della produzione, un beneficio che consisteva in un <strong>iperammortamento<\/strong> del 250%. Beneficio valido sia per i beni acquisiti in propriet\u00e0 sia per quelli acquisiti con contratto di locazione finanziaria (leasing).<br \/>\nMentre per i beni di valore inferiore ai 500.000 euro era sufficiente una auto dichiarazione, per i beni di valore superiore a 500.000 euro era necessaria una perizia giurata oppure <strong>una attestazione di conformit\u00e0 rilasciata da un organismo accreditato<\/strong>.<br \/>\nL\u2019imprenditore poteva comunque avvalersi dell\u2019attestazione, in sostituzione dell\u2019auto dichiarazione anche per beni di valore inferiore ai 500.000 euro.<\/p>\n<p>La Legge di Bilancio 2020 introdusse una sostanziale variazione. Alle imprese che a decorrere dal 1 gennaio 2020 effettuavano investimenti in beni strumentali nuovi destinati a strutture produttive ubicate nel territorio dello Stato veniva riconosciuto un<strong> credito d\u2019imposta<\/strong> alle condizioni e nelle misure stabilite in relazione alle diverse tipologie di beni agevolabili.<\/p>\n<p>Le successive Leggi di Bilancio, ad oggi, hanno confermato i benefici seppur con delle variazioni della misura.<br \/>\nAd oggi, mentre per i beni di valore inferiore ai 300.000 euro \u00e8 sufficiente una auto dichiarazione, per i beni di valore superiore a 300.000 euro \u00e8 necessaria una perizia giurata oppure <strong>una attestazione di conformit\u00e0 rilasciata da un organismo accreditato<\/strong>.<br \/>\nL\u2019imprenditore pu\u00f2 comunque avvalersi dell\u2019attestazione, in sostituzione dell\u2019auto dichiarazione anche per beni di valore inferiore ai 300.000 euro.<\/p>\n<p>IGQ, come <strong>organismo di certificazione accreditato<\/strong> gi\u00e0 dal 2017, \u00e8 in grado di rilasciare l\u2019<strong>attestazione di conformit\u00e0<\/strong>.<\/p>\n<p>In particolare per ciascun bene verr\u00e0 rilasciata una relazione tecnica attestante il possesso delle caratteristiche riportate nell\u2019Allegato A o B della Legge n. 232 e, in caso di valutazione positiva, alla relazione tecnica sar\u00e0 allegato il relativo <strong>attestato di conformit\u00e0<\/strong>.<\/p>\n<p>IGQ anche per questo tipo di servizio, opera secondo i seguenti principi:<br \/>\n<strong>Indipendenza ed imparzialit\u00e0<\/strong><br \/>\nIGQ garantisce ai propri clienti una valutazione imparziale effettuata da personale indipendente.<br \/>\n<strong>Riservatezza<\/strong><br \/>\nOgni informazione raccolta nel corso delle attivit\u00e0 svolte dal personale IGQ, sia di tipo tecnico, che gestionale od organizzativo, \u00e8 gestita con la massima riservatezza. IGQ \u00e8 dotato di un sistema di sicurezza delle informazioni che nel rispetto delle disposizioni legislative garantisce la riservatezza, l\u2019integrit\u00e0 e la disponibilit\u00e0 dei dati.<br \/>\n<strong>Competenza<\/strong><br \/>\nPer questo servizio IGQ impiega un gruppo di valutazione multidisciplinare, costituito da auditor competenti di macchine e impianti, produzione e lavorazione dei metalli, nonch\u00e9 esperti di information technology.<\/p>\n<\/div><\/div><\/div><\/div><\/div><div class=\"fusion-fullwidth fullwidth-box fusion-builder-row-2 fusion-flex-container nonhundred-percent-fullwidth non-hundred-percent-height-scrolling\" style=\"--link_color: var(--awb-color1);--awb-border-radius-top-left:0px;--awb-border-radius-top-right:0px;--awb-border-radius-bottom-right:0px;--awb-border-radius-bottom-left:0px;--awb-padding-top:20px;--awb-padding-bottom:20px;--awb-padding-top-small:40px;--awb-padding-right-small:20px;--awb-padding-bottom-small:0px;--awb-padding-left-small:20px;--awb-flex-wrap:wrap;\" ><div class=\"fusion-builder-row fusion-row fusion-flex-align-items-center fusion-flex-justify-content-center fusion-flex-content-wrap\" style=\"max-width:1310.4px;margin-left: calc(-4% \/ 2 );margin-right: calc(-4% \/ 2 );\"><div class=\"fusion-layout-column fusion_builder_column fusion-builder-column-1 fusion_builder_column_1_1 1_1 fusion-flex-column\" style=\"--awb-padding-top:5%;--awb-padding-right:6%;--awb-padding-bottom:5%;--awb-padding-left:6%;--awb-overflow:hidden;--awb-bg-color:var(--awb-custom10);--awb-bg-color-hover:var(--awb-custom10);--awb-bg-size:cover;--awb-box-shadow:0px 24px 40px 0px hsla(var(--awb-custom1-h),var(--awb-custom1-s),var(--awb-custom1-l),calc( var(--awb-custom1-a) - 76% ));;--awb-border-radius:24px 24px 24px 24px;--awb-width-large:100%;--awb-margin-top-large:20px;--awb-spacing-right-large:0%;--awb-margin-bottom-large:20px;--awb-spacing-left-large:0%;--awb-width-medium:100%;--awb-order-medium:0;--awb-spacing-right-medium:0%;--awb-spacing-left-medium:0%;--awb-width-small:100%;--awb-order-small:0;--awb-spacing-right-small:1.92%;--awb-spacing-left-small:1.92%;\"><div class=\"fusion-column-wrapper fusion-column-has-shadow fusion-flex-justify-content-flex-start fusion-content-layout-column\"><div class=\"fusion-builder-row fusion-builder-row-inner fusion-row fusion-flex-align-items-center fusion-flex-justify-content-center fusion-flex-content-wrap\" style=\"width:104% !important;max-width:104% !important;margin-left: calc(-4% \/ 2 );margin-right: calc(-4% \/ 2 );\"><div class=\"fusion-layout-column fusion_builder_column_inner fusion-builder-nested-column-0 fusion_builder_column_inner_3_4 3_4 fusion-flex-column\" style=\"--awb-bg-size:cover;--awb-width-large:75%;--awb-margin-top-large:12px;--awb-spacing-right-large:2.56%;--awb-margin-bottom-large:20px;--awb-spacing-left-large:2.56%;--awb-width-medium:60%;--awb-order-medium:0;--awb-spacing-right-medium:3.2%;--awb-spacing-left-medium:3.2%;--awb-width-small:100%;--awb-order-small:0;--awb-spacing-right-small:1.92%;--awb-margin-bottom-small:0px;--awb-spacing-left-small:1.92%;\"><div class=\"fusion-column-wrapper fusion-column-has-shadow fusion-flex-justify-content-flex-start fusion-content-layout-column\"><div class=\"fusion-title title fusion-title-1 fusion-sep-none fusion-title-text fusion-title-size-two\" style=\"--awb-text-color:var(--awb-color1);\"><h2 class=\"fusion-title-heading title-heading-left sm-text-align-center fusion-responsive-typography-calculated\" style=\"margin:0;--fontSize:48;line-height:1.2;\">Hai bisogno di informazioni?<\/h2><\/div><div class=\"fusion-text fusion-text-2 sm-text-align-center\" style=\"--awb-font-size:26px;--awb-line-height:36px;--awb-text-color:var(--awb-color1);\"><p>Mettiti in contatto con noi, ti aiuteremo il prima possibile.<\/p>\n<\/div><\/div><\/div><div class=\"fusion-layout-column fusion_builder_column_inner fusion-builder-nested-column-1 fusion_builder_column_inner_1_4 1_4 fusion-flex-column\" style=\"--awb-bg-size:cover;--awb-width-large:25%;--awb-margin-top-large:20px;--awb-spacing-right-large:7.68%;--awb-margin-bottom-large:20px;--awb-spacing-left-large:7.68%;--awb-width-medium:40%;--awb-order-medium:0;--awb-spacing-right-medium:4.8%;--awb-spacing-left-medium:4.8%;--awb-width-small:100%;--awb-order-small:0;--awb-spacing-right-small:1.92%;--awb-spacing-left-small:1.92%;\"><div class=\"fusion-column-wrapper fusion-column-has-shadow fusion-flex-justify-content-flex-start fusion-content-layout-column\"><div style=\"text-align:center;\"><a class=\"fusion-button button-flat fusion-button-default-size button-custom fusion-button-default button-1 fusion-button-span-yes fusion-button-default-type\" style=\"--button_accent_color:var(--awb-color1);--button_accent_hover_color:var(--awb-color7);--button_border_hover_color:var(--awb-color7);--button_gradient_top_color:var(--awb-color7);--button_gradient_bottom_color:var(--awb-color7);--button_gradient_top_color_hover:var(--awb-color1);--button_gradient_bottom_color_hover:var(--awb-color1);\" target=\"_self\" href=\"https:\/\/igq.it\/en\/contact-us\/\"><span class=\"fusion-button-text awb-button__text awb-button__text--default\">Contact Us<\/span><\/a><\/div><div style=\"text-align:center;\"><a class=\"fusion-button button-flat fusion-button-default-size button-custom fusion-button-default button-2 fusion-button-span-yes fusion-button-default-type\" style=\"--button_accent_color:var(--awb-color1);--button_accent_hover_color:var(--awb-color7);--button_border_hover_color:var(--awb-color7);--button_gradient_top_color:rgba(255,255,255,0);--button_gradient_bottom_color:rgba(255,255,255,0);--button_gradient_top_color_hover:var(--awb-color1);--button_gradient_bottom_color_hover:var(--awb-color1);--button_margin-top:12px;\" target=\"_self\" href=\"tel:+390266101348\"><i class=\"icon-accountant-call-us awb-button__icon awb-button__icon--default button-icon-left\" aria-hidden=\"true\"><\/i><span class=\"fusion-button-text awb-button__text awb-button__text--default\">02 6610 1348<\/span><\/a><\/div><\/div><\/div><\/div><\/div><\/div><\/div><\/div>\n<\/p>\n","protected":false},"excerpt":{"rendered":"","protected":false},"author":4,"featured_media":0,"parent":3772,"menu_order":0,"comment_status":"closed","ping_status":"closed","template":"100-width.php","meta":{"_acf_changed":false,"footnotes":""},"class_list":["post-4356","page","type-page","status-publish","hentry"],"acf":[],"yoast_head":"<!-- This site is optimized with the Yoast SEO plugin v27.2 - https:\/\/yoast.com\/product\/yoast-seo-wordpress\/ -->\n<title>Attestazioni di conformit\u00e0 &quot;Industria 4.0&quot; - IGQ<\/title>\n<meta name=\"description\" content=\"Industria 4.0: Attestazioni di conformit\u00e0 per accedere al credito d&#039;imposta per acquisti di beni materiali ed immateriali\" \/>\n<meta name=\"robots\" content=\"index, follow, max-snippet:-1, max-image-preview:large, max-video-preview:-1\" \/>\n<link rel=\"canonical\" href=\"https:\/\/igq.it\/en\/services\/attestazioni-di-conformita-industria-4-0\/\" \/>\n<meta property=\"og:locale\" content=\"en_US\" \/>\n<meta property=\"og:type\" content=\"article\" \/>\n<meta property=\"og:title\" content=\"Attestazioni di conformit\u00e0 &quot;Industria 4.0&quot; - IGQ\" \/>\n<meta property=\"og:description\" content=\"Industria 4.0: Attestazioni di conformit\u00e0 per accedere al credito d&#039;imposta per acquisti di beni materiali ed immateriali\" \/>\n<meta property=\"og:url\" content=\"https:\/\/igq.it\/en\/services\/attestazioni-di-conformita-industria-4-0\/\" \/>\n<meta property=\"og:site_name\" content=\"IGQ\" \/>\n<meta property=\"article:publisher\" content=\"https:\/\/www.facebook.com\/igqmilano\/\" \/>\n<meta property=\"article:modified_time\" content=\"2023-01-26T10:12:32+00:00\" \/>\n<meta property=\"og:image\" content=\"https:\/\/igq.it\/wp-content\/uploads\/2022\/06\/logo.png\" \/>\n\t<meta property=\"og:image:width\" content=\"500\" \/>\n\t<meta property=\"og:image:height\" content=\"500\" \/>\n\t<meta property=\"og:image:type\" content=\"image\/png\" \/>\n<meta name=\"twitter:card\" content=\"summary_large_image\" \/>\n<meta name=\"twitter:label1\" content=\"Est. reading time\" \/>\n\t<meta name=\"twitter:data1\" content=\"6 minutes\" \/>\n<script type=\"application\/ld+json\" class=\"yoast-schema-graph\">{\"@context\":\"https:\/\/schema.org\",\"@graph\":[{\"@type\":\"WebPage\",\"@id\":\"https:\/\/igq.it\/en\/services\/attestazioni-di-conformita-industria-4-0\/\",\"url\":\"https:\/\/igq.it\/en\/services\/attestazioni-di-conformita-industria-4-0\/\",\"name\":\"Attestazioni di conformit\u00e0 \\\"Industria 4.0\\\" - IGQ\",\"isPartOf\":{\"@id\":\"https:\/\/igq.it\/en\/#website\"},\"datePublished\":\"2022-12-22T17:52:38+00:00\",\"dateModified\":\"2023-01-26T10:12:32+00:00\",\"description\":\"Industria 4.0: Attestazioni di conformit\u00e0 per accedere al credito d'imposta per acquisti di beni materiali ed immateriali\",\"breadcrumb\":{\"@id\":\"https:\/\/igq.it\/en\/services\/attestazioni-di-conformita-industria-4-0\/#breadcrumb\"},\"inLanguage\":\"en-US\",\"potentialAction\":[{\"@type\":\"ReadAction\",\"target\":[\"https:\/\/igq.it\/en\/services\/attestazioni-di-conformita-industria-4-0\/\"]}]},{\"@type\":\"BreadcrumbList\",\"@id\":\"https:\/\/igq.it\/en\/services\/attestazioni-di-conformita-industria-4-0\/#breadcrumb\",\"itemListElement\":[{\"@type\":\"ListItem\",\"position\":1,\"name\":\"Home\",\"item\":\"https:\/\/igq.it\/en\/\"},{\"@type\":\"ListItem\",\"position\":2,\"name\":\"Services\",\"item\":\"https:\/\/igq.it\/en\/servizi\/\"},{\"@type\":\"ListItem\",\"position\":3,\"name\":\"Attestazioni di conformit\u00e0 &#8220;Industria 4.0&#8221;\"}]},{\"@type\":\"WebSite\",\"@id\":\"https:\/\/igq.it\/en\/#website\",\"url\":\"https:\/\/igq.it\/en\/\",\"name\":\"IGQ\",\"description\":\"Istituto Italiano di Garanzia della Qualit\u00e0\",\"publisher\":{\"@id\":\"https:\/\/igq.it\/en\/#organization\"},\"potentialAction\":[{\"@type\":\"SearchAction\",\"target\":{\"@type\":\"EntryPoint\",\"urlTemplate\":\"https:\/\/igq.it\/en\/?s={search_term_string}\"},\"query-input\":{\"@type\":\"PropertyValueSpecification\",\"valueRequired\":true,\"valueName\":\"search_term_string\"}}],\"inLanguage\":\"en-US\"},{\"@type\":\"Organization\",\"@id\":\"https:\/\/igq.it\/en\/#organization\",\"name\":\"IGQ\",\"url\":\"https:\/\/igq.it\/en\/\",\"logo\":{\"@type\":\"ImageObject\",\"inLanguage\":\"en-US\",\"@id\":\"https:\/\/igq.it\/en\/#\/schema\/logo\/image\/\",\"url\":\"https:\/\/igq.it\/wp-content\/uploads\/2022\/06\/Logo-IGQ.svg\",\"contentUrl\":\"https:\/\/igq.it\/wp-content\/uploads\/2022\/06\/Logo-IGQ.svg\",\"width\":52,\"height\":52,\"caption\":\"IGQ\"},\"image\":{\"@id\":\"https:\/\/igq.it\/en\/#\/schema\/logo\/image\/\"},\"sameAs\":[\"https:\/\/www.facebook.com\/igqmilano\/\",\"https:\/\/www.linkedin.com\/company\/igq-istituto-italiano-di-garanzia-della-qualit\u00e0\"]}]}<\/script>\n<!-- \/ Yoast SEO plugin. -->","yoast_head_json":{"title":"Attestazioni di conformit\u00e0 \"Industria 4.0\" - IGQ","description":"Industria 4.0: Attestazioni di conformit\u00e0 per accedere al credito d'imposta per acquisti di beni materiali ed immateriali","robots":{"index":"index","follow":"follow","max-snippet":"max-snippet:-1","max-image-preview":"max-image-preview:large","max-video-preview":"max-video-preview:-1"},"canonical":"https:\/\/igq.it\/en\/services\/attestazioni-di-conformita-industria-4-0\/","og_locale":"en_US","og_type":"article","og_title":"Attestazioni di conformit\u00e0 \"Industria 4.0\" - IGQ","og_description":"Industria 4.0: Attestazioni di conformit\u00e0 per accedere al credito d'imposta per acquisti di beni materiali ed immateriali","og_url":"https:\/\/igq.it\/en\/services\/attestazioni-di-conformita-industria-4-0\/","og_site_name":"IGQ","article_publisher":"https:\/\/www.facebook.com\/igqmilano\/","article_modified_time":"2023-01-26T10:12:32+00:00","og_image":[{"width":500,"height":500,"url":"https:\/\/igq.it\/wp-content\/uploads\/2022\/06\/logo.png","type":"image\/png"}],"twitter_card":"summary_large_image","twitter_misc":{"Est. reading time":"6 minutes"},"schema":{"@context":"https:\/\/schema.org","@graph":[{"@type":"WebPage","@id":"https:\/\/igq.it\/en\/services\/attestazioni-di-conformita-industria-4-0\/","url":"https:\/\/igq.it\/en\/services\/attestazioni-di-conformita-industria-4-0\/","name":"Attestazioni di conformit\u00e0 \"Industria 4.0\" - IGQ","isPartOf":{"@id":"https:\/\/igq.it\/en\/#website"},"datePublished":"2022-12-22T17:52:38+00:00","dateModified":"2023-01-26T10:12:32+00:00","description":"Industria 4.0: Attestazioni di conformit\u00e0 per accedere al credito d'imposta per acquisti di beni materiali ed immateriali","breadcrumb":{"@id":"https:\/\/igq.it\/en\/services\/attestazioni-di-conformita-industria-4-0\/#breadcrumb"},"inLanguage":"en-US","potentialAction":[{"@type":"ReadAction","target":["https:\/\/igq.it\/en\/services\/attestazioni-di-conformita-industria-4-0\/"]}]},{"@type":"BreadcrumbList","@id":"https:\/\/igq.it\/en\/services\/attestazioni-di-conformita-industria-4-0\/#breadcrumb","itemListElement":[{"@type":"ListItem","position":1,"name":"Home","item":"https:\/\/igq.it\/en\/"},{"@type":"ListItem","position":2,"name":"Services","item":"https:\/\/igq.it\/en\/servizi\/"},{"@type":"ListItem","position":3,"name":"Attestazioni di conformit\u00e0 &#8220;Industria 4.0&#8221;"}]},{"@type":"WebSite","@id":"https:\/\/igq.it\/en\/#website","url":"https:\/\/igq.it\/en\/","name":"IGQ","description":"Istituto Italiano di Garanzia della Qualit\u00e0","publisher":{"@id":"https:\/\/igq.it\/en\/#organization"},"potentialAction":[{"@type":"SearchAction","target":{"@type":"EntryPoint","urlTemplate":"https:\/\/igq.it\/en\/?s={search_term_string}"},"query-input":{"@type":"PropertyValueSpecification","valueRequired":true,"valueName":"search_term_string"}}],"inLanguage":"en-US"},{"@type":"Organization","@id":"https:\/\/igq.it\/en\/#organization","name":"IGQ","url":"https:\/\/igq.it\/en\/","logo":{"@type":"ImageObject","inLanguage":"en-US","@id":"https:\/\/igq.it\/en\/#\/schema\/logo\/image\/","url":"https:\/\/igq.it\/wp-content\/uploads\/2022\/06\/Logo-IGQ.svg","contentUrl":"https:\/\/igq.it\/wp-content\/uploads\/2022\/06\/Logo-IGQ.svg","width":52,"height":52,"caption":"IGQ"},"image":{"@id":"https:\/\/igq.it\/en\/#\/schema\/logo\/image\/"},"sameAs":["https:\/\/www.facebook.com\/igqmilano\/","https:\/\/www.linkedin.com\/company\/igq-istituto-italiano-di-garanzia-della-qualit\u00e0"]}]}},"_links":{"self":[{"href":"https:\/\/igq.it\/en\/wp-json\/wp\/v2\/pages\/4356","targetHints":{"allow":["GET"]}}],"collection":[{"href":"https:\/\/igq.it\/en\/wp-json\/wp\/v2\/pages"}],"about":[{"href":"https:\/\/igq.it\/en\/wp-json\/wp\/v2\/types\/page"}],"author":[{"embeddable":true,"href":"https:\/\/igq.it\/en\/wp-json\/wp\/v2\/users\/4"}],"replies":[{"embeddable":true,"href":"https:\/\/igq.it\/en\/wp-json\/wp\/v2\/comments?post=4356"}],"version-history":[{"count":6,"href":"https:\/\/igq.it\/en\/wp-json\/wp\/v2\/pages\/4356\/revisions"}],"predecessor-version":[{"id":4479,"href":"https:\/\/igq.it\/en\/wp-json\/wp\/v2\/pages\/4356\/revisions\/4479"}],"up":[{"embeddable":true,"href":"https:\/\/igq.it\/en\/wp-json\/wp\/v2\/pages\/3772"}],"wp:attachment":[{"href":"https:\/\/igq.it\/en\/wp-json\/wp\/v2\/media?parent=4356"}],"curies":[{"name":"wp","href":"https:\/\/api.w.org\/{rel}","templated":true}]}}