{"id":3807,"date":"2022-07-19T12:46:03","date_gmt":"2022-07-19T10:46:03","guid":{"rendered":"https:\/\/igq.it\/services\/verifiche-su-attrezzature-di-lavoro\/"},"modified":"2025-04-17T14:43:20","modified_gmt":"2025-04-17T12:43:20","slug":"verifiche-su-attrezzature-di-lavoro","status":"publish","type":"page","link":"https:\/\/igq.it\/en\/services\/verifiche-su-attrezzature-di-lavoro\/","title":{"rendered":"Testing of lifting equipment"},"content":{"rendered":"<p><div class=\"fusion-fullwidth fullwidth-box fusion-builder-row-1 fusion-flex-container nonhundred-percent-fullwidth non-hundred-percent-height-scrolling\" style=\"--awb-border-radius-top-left:0px;--awb-border-radius-top-right:0px;--awb-border-radius-bottom-right:0px;--awb-border-radius-bottom-left:0px;--awb-padding-top:0px;--awb-padding-top-medium:40px;--awb-padding-bottom-medium:48px;--awb-padding-top-small:0px;--awb-padding-bottom-small:20px;--awb-flex-wrap:wrap;\" ><div class=\"fusion-builder-row fusion-row fusion-flex-align-items-flex-start fusion-flex-justify-content-center fusion-flex-content-wrap\" style=\"max-width:1310.4px;margin-left: calc(-4% \/ 2 );margin-right: calc(-4% \/ 2 );\"><div class=\"fusion-layout-column fusion_builder_column fusion-builder-column-0 fusion_builder_column_1_2 1_2 fusion-flex-column\" style=\"--awb-bg-size:cover;--awb-width-large:50%;--awb-margin-top-large:20px;--awb-spacing-right-large:3.84%;--awb-margin-bottom-large:20px;--awb-spacing-left-large:3.84%;--awb-width-medium:66.666666666667%;--awb-order-medium:0;--awb-spacing-right-medium:2.88%;--awb-spacing-left-medium:2.88%;--awb-width-small:100%;--awb-order-small:0;--awb-spacing-right-small:1.92%;--awb-spacing-left-small:1.92%;\"><div class=\"fusion-column-wrapper fusion-column-has-shadow fusion-flex-justify-content-flex-start fusion-content-layout-column\"><div class=\"fusion-text fusion-text-1\"><p>IGQ \u00e8 Soggetto Abilitato ad effettuare le Verifiche Periodiche sugli apparecchi di sollevamento nelle regioni Lombardia e Piemonte. L\u2019attivit\u00e0 \u00e8 esercitata con professionisti qualificati coordinati da tecnici di provata professionalit\u00e0 ed esperienza.<\/p>\n<p>I Soggetti Abilitati sono societ\u00e0 ed enti privati abilitati da una commissione interministeriale (Ministero del lavoro, Ministero dello sviluppo economico, Ministero della sanit\u00e0) secondo modalit\u00e0 dettate dal Decreto Ministeriale 11 aprile 2011. AI sensi del comma 12 dall\u2019art. 71 del D. Lgs 81\/2008 i Soggetti Privati Abilitati sono incaricati di pubblico servizio. Anche i singoli ispettori impiegati dai Soggetti Abilitati sono qualificati dalla stessa commissione interministeriale.<\/p>\n<\/div><\/div><\/div><div class=\"fusion-layout-column fusion_builder_column fusion-builder-column-1 fusion_builder_column_1_2 1_2 fusion-flex-column\" style=\"--awb-bg-size:cover;--awb-width-large:50%;--awb-margin-top-large:20px;--awb-spacing-right-large:3.84%;--awb-margin-bottom-large:20px;--awb-spacing-left-large:3.84%;--awb-width-medium:66.666666666667%;--awb-order-medium:0;--awb-spacing-right-medium:2.88%;--awb-spacing-left-medium:2.88%;--awb-width-small:100%;--awb-order-small:0;--awb-spacing-right-small:1.92%;--awb-spacing-left-small:1.92%;\"><div class=\"fusion-column-wrapper fusion-column-has-shadow fusion-flex-justify-content-flex-start fusion-content-layout-column\"><div class=\"fusion-text fusion-text-2\"><p>I Soggetti Privati Abilitati devono operare nel pieno rispetto della norma UNI EN ISO 17020 che regolamenta le attivit\u00e0 di ispezione.<\/p>\n<p>Tutti gli atti relativi alla pratica di verifica sulle attrezzature di lavoro vengono svolti, da parte di IGQ, con personale competente e qualificato e con garanzia di riservatezza e di assenza di conflitto di interessi. Le autorit\u00e0 di controllo e l\u2019autorit\u00e0 giudiziaria possono richiedere l\u2019accesso ad ogni informazione.<\/p>\n<p>La sede di Milano \u00e8 il punto di raccolta di ogni richiesta di informazione che pu\u00f2 avvenire per telefono o email.<\/p>\n<p>IGQ risponde sempre tempestivamente ai clienti.<\/p>\n<\/div><\/div><\/div><div class=\"fusion-layout-column fusion_builder_column fusion-builder-column-2 fusion_builder_column_1_1 1_1 fusion-flex-column\" style=\"--awb-bg-size:cover;--awb-width-large:100%;--awb-margin-top-large:20px;--awb-spacing-right-large:1.92%;--awb-margin-bottom-large:20px;--awb-spacing-left-large:1.92%;--awb-width-medium:100%;--awb-order-medium:0;--awb-spacing-right-medium:1.92%;--awb-spacing-left-medium:1.92%;--awb-width-small:100%;--awb-order-small:0;--awb-spacing-right-small:1.92%;--awb-spacing-left-small:1.92%;\"><div class=\"fusion-column-wrapper fusion-column-has-shadow fusion-flex-justify-content-flex-start fusion-content-layout-column\"><div class=\"fusion-image-element \" style=\"text-align:center;--awb-max-width:550px;--awb-caption-title-font-family:var(--h2_typography-font-family);--awb-caption-title-font-weight:var(--h2_typography-font-weight);--awb-caption-title-font-style:var(--h2_typography-font-style);--awb-caption-title-size:var(--h2_typography-font-size);--awb-caption-title-transform:var(--h2_typography-text-transform);--awb-caption-title-line-height:var(--h2_typography-line-height);--awb-caption-title-letter-spacing:var(--h2_typography-letter-spacing);\"><span class=\" fusion-imageframe imageframe-none imageframe-1 hover-type-none\" style=\"border-radius:12px;\"><a href=\"https:\/\/igq.it\/wp-content\/uploads\/2022\/07\/verifica-attrezzature-sollevamento.jpg\" class=\"fusion-lightbox\" data-rel=\"iLightbox[813d2f817366c745595]\" data-title=\"verifica-attrezzature-sollevamento\" title=\"verifica-attrezzature-sollevamento\"><img decoding=\"async\" width=\"900\" height=\"600\" alt=\"Testing of lifting equipment\" src=\"https:\/\/igq.it\/wp-content\/uploads\/2022\/07\/verifica-attrezzature-sollevamento.jpg\" data-orig-src=\"https:\/\/igq.it\/wp-content\/uploads\/2022\/07\/verifica-attrezzature-sollevamento.jpg\" class=\"lazyload img-responsive wp-image-3648\" srcset=\"data:image\/svg+xml,%3Csvg%20xmlns%3D%27http%3A%2F%2Fwww.w3.org%2F2000%2Fsvg%27%20width%3D%27900%27%20height%3D%27600%27%20viewBox%3D%270%200%20900%20600%27%3E%3Crect%20width%3D%27900%27%20height%3D%27600%27%20fill-opacity%3D%220%22%2F%3E%3C%2Fsvg%3E\" data-srcset=\"https:\/\/igq.it\/wp-content\/uploads\/2022\/07\/verifica-attrezzature-sollevamento-200x133.jpg 200w, https:\/\/igq.it\/wp-content\/uploads\/2022\/07\/verifica-attrezzature-sollevamento-400x267.jpg 400w, https:\/\/igq.it\/wp-content\/uploads\/2022\/07\/verifica-attrezzature-sollevamento-600x400.jpg 600w, https:\/\/igq.it\/wp-content\/uploads\/2022\/07\/verifica-attrezzature-sollevamento-800x533.jpg 800w, https:\/\/igq.it\/wp-content\/uploads\/2022\/07\/verifica-attrezzature-sollevamento.jpg 900w\" data-sizes=\"auto\" data-orig-sizes=\"(max-width: 640px) 100vw, 900px\" \/><\/a><\/span><\/div><\/div><\/div><\/div><\/div><div class=\"fusion-fullwidth fullwidth-box fusion-builder-row-2 fusion-flex-container nonhundred-percent-fullwidth non-hundred-percent-height-scrolling\" style=\"--link_color: var(--awb-color1);--awb-border-radius-top-left:0px;--awb-border-radius-top-right:0px;--awb-border-radius-bottom-right:0px;--awb-border-radius-bottom-left:0px;--awb-padding-top:20px;--awb-padding-bottom:20px;--awb-padding-top-small:40px;--awb-padding-right-small:20px;--awb-padding-bottom-small:0px;--awb-padding-left-small:20px;--awb-flex-wrap:wrap;\" ><div class=\"fusion-builder-row fusion-row fusion-flex-align-items-center fusion-flex-justify-content-center fusion-flex-content-wrap\" style=\"max-width:1310.4px;margin-left: calc(-4% \/ 2 );margin-right: calc(-4% \/ 2 );\"><div class=\"fusion-layout-column fusion_builder_column fusion-builder-column-3 fusion_builder_column_1_1 1_1 fusion-flex-column\" style=\"--awb-padding-top:5%;--awb-padding-right:6%;--awb-padding-bottom:5%;--awb-padding-left:6%;--awb-overflow:hidden;--awb-bg-color:var(--awb-custom10);--awb-bg-color-hover:var(--awb-custom10);--awb-bg-size:cover;--awb-box-shadow:0px 24px 40px 0px hsla(var(--awb-custom1-h),var(--awb-custom1-s),var(--awb-custom1-l),calc( var(--awb-custom1-a) - 76% ));;--awb-border-radius:24px 24px 24px 24px;--awb-width-large:100%;--awb-margin-top-large:20px;--awb-spacing-right-large:0%;--awb-margin-bottom-large:20px;--awb-spacing-left-large:0%;--awb-width-medium:100%;--awb-order-medium:0;--awb-spacing-right-medium:0%;--awb-spacing-left-medium:0%;--awb-width-small:100%;--awb-order-small:0;--awb-spacing-right-small:1.92%;--awb-spacing-left-small:1.92%;\"><div class=\"fusion-column-wrapper fusion-column-has-shadow fusion-flex-justify-content-flex-start fusion-content-layout-column\"><div class=\"fusion-builder-row fusion-builder-row-inner fusion-row fusion-flex-align-items-center fusion-flex-justify-content-center fusion-flex-content-wrap\" style=\"width:104% !important;max-width:104% !important;margin-left: calc(-4% \/ 2 );margin-right: calc(-4% \/ 2 );\"><div class=\"fusion-layout-column fusion_builder_column_inner fusion-builder-nested-column-0 fusion_builder_column_inner_3_4 3_4 fusion-flex-column\" style=\"--awb-bg-size:cover;--awb-width-large:75%;--awb-margin-top-large:12px;--awb-spacing-right-large:2.56%;--awb-margin-bottom-large:20px;--awb-spacing-left-large:2.56%;--awb-width-medium:60%;--awb-order-medium:0;--awb-spacing-right-medium:3.2%;--awb-spacing-left-medium:3.2%;--awb-width-small:100%;--awb-order-small:0;--awb-spacing-right-small:1.92%;--awb-margin-bottom-small:0px;--awb-spacing-left-small:1.92%;\"><div class=\"fusion-column-wrapper fusion-column-has-shadow fusion-flex-justify-content-flex-start fusion-content-layout-column\"><div class=\"fusion-title title fusion-title-1 fusion-sep-none fusion-title-text fusion-title-size-two\" style=\"--awb-text-color:var(--awb-color1);\"><h2 class=\"fusion-title-heading title-heading-left sm-text-align-center fusion-responsive-typography-calculated\" style=\"margin:0;--fontSize:48;line-height:1.2;\">Hai bisogno di informazioni?<\/h2><\/div><div class=\"fusion-text fusion-text-3 sm-text-align-center\" style=\"--awb-font-size:26px;--awb-line-height:36px;--awb-text-color:var(--awb-color1);\"><p>Mettiti in contatto con noi, ti aiuteremo il prima possibile.<\/p>\n<\/div><\/div><\/div><div class=\"fusion-layout-column fusion_builder_column_inner fusion-builder-nested-column-1 fusion_builder_column_inner_1_4 1_4 fusion-flex-column\" style=\"--awb-bg-size:cover;--awb-width-large:25%;--awb-margin-top-large:20px;--awb-spacing-right-large:7.68%;--awb-margin-bottom-large:20px;--awb-spacing-left-large:7.68%;--awb-width-medium:40%;--awb-order-medium:0;--awb-spacing-right-medium:4.8%;--awb-spacing-left-medium:4.8%;--awb-width-small:100%;--awb-order-small:0;--awb-spacing-right-small:1.92%;--awb-spacing-left-small:1.92%;\"><div class=\"fusion-column-wrapper fusion-column-has-shadow fusion-flex-justify-content-flex-start fusion-content-layout-column\"><div style=\"text-align:center;\"><a class=\"fusion-button button-flat fusion-button-default-size button-custom fusion-button-default button-1 fusion-button-span-yes fusion-button-default-type\" style=\"--button_accent_color:var(--awb-color1);--button_accent_hover_color:var(--awb-color7);--button_border_hover_color:var(--awb-color7);--button_gradient_top_color:var(--awb-color7);--button_gradient_bottom_color:var(--awb-color7);--button_gradient_top_color_hover:var(--awb-color1);--button_gradient_bottom_color_hover:var(--awb-color1);\" target=\"_self\" href=\"https:\/\/igq.it\/en\/contact-us\/\"><span class=\"fusion-button-text awb-button__text awb-button__text--default\">Contact Us<\/span><\/a><\/div><div style=\"text-align:center;\"><a class=\"fusion-button button-flat fusion-button-default-size button-custom fusion-button-default button-2 fusion-button-span-yes fusion-button-default-type\" style=\"--button_accent_color:var(--awb-color1);--button_accent_hover_color:var(--awb-color7);--button_border_hover_color:var(--awb-color7);--button_gradient_top_color:rgba(255,255,255,0);--button_gradient_bottom_color:rgba(255,255,255,0);--button_gradient_top_color_hover:var(--awb-color1);--button_gradient_bottom_color_hover:var(--awb-color1);--button_margin-top:12px;\" target=\"_self\" href=\"tel:+390266101348\"><i class=\"icon-accountant-call-us awb-button__icon awb-button__icon--default button-icon-left\" aria-hidden=\"true\"><\/i><span class=\"fusion-button-text awb-button__text awb-button__text--default\">02 6610 1348<\/span><\/a><\/div><\/div><\/div><\/div><\/div><\/div><\/div><\/div>\n<\/p>\n","protected":false},"excerpt":{"rendered":"","protected":false},"author":1,"featured_media":0,"parent":3772,"menu_order":0,"comment_status":"closed","ping_status":"closed","template":"100-width.php","meta":{"_acf_changed":false,"footnotes":""},"class_list":["post-3807","page","type-page","status-publish","hentry"],"acf":[],"yoast_head":"<!-- This site is optimized with the Yoast SEO plugin v27.2 - https:\/\/yoast.com\/product\/yoast-seo-wordpress\/ -->\n<title>Testing of lifting equipment - IGQ<\/title>\n<meta name=\"description\" content=\"IGQ \u00e8 Soggetto Abilitato ad effettuare le Verifiche Periodiche sule attrezzature di sollevamento nelle regioni Lombardia e Piemonte.\" \/>\n<meta name=\"robots\" content=\"index, follow, max-snippet:-1, max-image-preview:large, max-video-preview:-1\" \/>\n<link rel=\"canonical\" href=\"https:\/\/igq.it\/en\/services\/verifiche-su-attrezzature-di-lavoro\/\" \/>\n<meta property=\"og:locale\" content=\"en_US\" \/>\n<meta property=\"og:type\" content=\"article\" \/>\n<meta property=\"og:title\" content=\"Testing of lifting equipment - IGQ\" \/>\n<meta property=\"og:description\" content=\"IGQ \u00e8 Soggetto Abilitato ad effettuare le Verifiche Periodiche sule attrezzature di sollevamento nelle regioni Lombardia e Piemonte.\" \/>\n<meta property=\"og:url\" content=\"https:\/\/igq.it\/en\/services\/verifiche-su-attrezzature-di-lavoro\/\" \/>\n<meta property=\"og:site_name\" content=\"IGQ\" \/>\n<meta property=\"article:publisher\" content=\"https:\/\/www.facebook.com\/igqmilano\/\" \/>\n<meta property=\"article:modified_time\" content=\"2025-04-17T12:43:20+00:00\" \/>\n<meta property=\"og:image\" content=\"https:\/\/igq.it\/wp-content\/uploads\/2022\/06\/logo.png\" \/>\n\t<meta property=\"og:image:width\" content=\"500\" \/>\n\t<meta property=\"og:image:height\" content=\"500\" \/>\n\t<meta property=\"og:image:type\" content=\"image\/png\" \/>\n<meta name=\"twitter:card\" content=\"summary_large_image\" \/>\n<meta name=\"twitter:label1\" content=\"Est. reading time\" \/>\n\t<meta name=\"twitter:data1\" content=\"6 minutes\" \/>\n<script type=\"application\/ld+json\" class=\"yoast-schema-graph\">{\"@context\":\"https:\/\/schema.org\",\"@graph\":[{\"@type\":\"WebPage\",\"@id\":\"https:\/\/igq.it\/en\/services\/verifiche-su-attrezzature-di-lavoro\/\",\"url\":\"https:\/\/igq.it\/en\/services\/verifiche-su-attrezzature-di-lavoro\/\",\"name\":\"Testing of lifting equipment - IGQ\",\"isPartOf\":{\"@id\":\"https:\/\/igq.it\/en\/#website\"},\"datePublished\":\"2022-07-19T10:46:03+00:00\",\"dateModified\":\"2025-04-17T12:43:20+00:00\",\"description\":\"IGQ \u00e8 Soggetto Abilitato ad effettuare le Verifiche Periodiche sule attrezzature di sollevamento nelle regioni Lombardia e Piemonte.\",\"breadcrumb\":{\"@id\":\"https:\/\/igq.it\/en\/services\/verifiche-su-attrezzature-di-lavoro\/#breadcrumb\"},\"inLanguage\":\"en-US\",\"potentialAction\":[{\"@type\":\"ReadAction\",\"target\":[\"https:\/\/igq.it\/en\/services\/verifiche-su-attrezzature-di-lavoro\/\"]}]},{\"@type\":\"BreadcrumbList\",\"@id\":\"https:\/\/igq.it\/en\/services\/verifiche-su-attrezzature-di-lavoro\/#breadcrumb\",\"itemListElement\":[{\"@type\":\"ListItem\",\"position\":1,\"name\":\"Home\",\"item\":\"https:\/\/igq.it\/en\/\"},{\"@type\":\"ListItem\",\"position\":2,\"name\":\"Services\",\"item\":\"https:\/\/igq.it\/en\/servizi\/\"},{\"@type\":\"ListItem\",\"position\":3,\"name\":\"Testing of lifting equipment\"}]},{\"@type\":\"WebSite\",\"@id\":\"https:\/\/igq.it\/en\/#website\",\"url\":\"https:\/\/igq.it\/en\/\",\"name\":\"IGQ\",\"description\":\"Istituto Italiano di Garanzia della Qualit\u00e0\",\"publisher\":{\"@id\":\"https:\/\/igq.it\/en\/#organization\"},\"potentialAction\":[{\"@type\":\"SearchAction\",\"target\":{\"@type\":\"EntryPoint\",\"urlTemplate\":\"https:\/\/igq.it\/en\/?s={search_term_string}\"},\"query-input\":{\"@type\":\"PropertyValueSpecification\",\"valueRequired\":true,\"valueName\":\"search_term_string\"}}],\"inLanguage\":\"en-US\"},{\"@type\":\"Organization\",\"@id\":\"https:\/\/igq.it\/en\/#organization\",\"name\":\"IGQ\",\"url\":\"https:\/\/igq.it\/en\/\",\"logo\":{\"@type\":\"ImageObject\",\"inLanguage\":\"en-US\",\"@id\":\"https:\/\/igq.it\/en\/#\/schema\/logo\/image\/\",\"url\":\"https:\/\/igq.it\/wp-content\/uploads\/2022\/06\/Logo-IGQ.svg\",\"contentUrl\":\"https:\/\/igq.it\/wp-content\/uploads\/2022\/06\/Logo-IGQ.svg\",\"width\":52,\"height\":52,\"caption\":\"IGQ\"},\"image\":{\"@id\":\"https:\/\/igq.it\/en\/#\/schema\/logo\/image\/\"},\"sameAs\":[\"https:\/\/www.facebook.com\/igqmilano\/\",\"https:\/\/www.linkedin.com\/company\/igq-istituto-italiano-di-garanzia-della-qualit\u00e0\"]}]}<\/script>\n<!-- \/ Yoast SEO plugin. -->","yoast_head_json":{"title":"Testing of lifting equipment - IGQ","description":"IGQ \u00e8 Soggetto Abilitato ad effettuare le Verifiche Periodiche sule attrezzature di sollevamento nelle regioni Lombardia e Piemonte.","robots":{"index":"index","follow":"follow","max-snippet":"max-snippet:-1","max-image-preview":"max-image-preview:large","max-video-preview":"max-video-preview:-1"},"canonical":"https:\/\/igq.it\/en\/services\/verifiche-su-attrezzature-di-lavoro\/","og_locale":"en_US","og_type":"article","og_title":"Testing of lifting equipment - IGQ","og_description":"IGQ \u00e8 Soggetto Abilitato ad effettuare le Verifiche Periodiche sule attrezzature di sollevamento nelle regioni Lombardia e Piemonte.","og_url":"https:\/\/igq.it\/en\/services\/verifiche-su-attrezzature-di-lavoro\/","og_site_name":"IGQ","article_publisher":"https:\/\/www.facebook.com\/igqmilano\/","article_modified_time":"2025-04-17T12:43:20+00:00","og_image":[{"width":500,"height":500,"url":"https:\/\/igq.it\/wp-content\/uploads\/2022\/06\/logo.png","type":"image\/png"}],"twitter_card":"summary_large_image","twitter_misc":{"Est. reading time":"6 minutes"},"schema":{"@context":"https:\/\/schema.org","@graph":[{"@type":"WebPage","@id":"https:\/\/igq.it\/en\/services\/verifiche-su-attrezzature-di-lavoro\/","url":"https:\/\/igq.it\/en\/services\/verifiche-su-attrezzature-di-lavoro\/","name":"Testing of lifting equipment - IGQ","isPartOf":{"@id":"https:\/\/igq.it\/en\/#website"},"datePublished":"2022-07-19T10:46:03+00:00","dateModified":"2025-04-17T12:43:20+00:00","description":"IGQ \u00e8 Soggetto Abilitato ad effettuare le Verifiche Periodiche sule attrezzature di sollevamento nelle regioni Lombardia e Piemonte.","breadcrumb":{"@id":"https:\/\/igq.it\/en\/services\/verifiche-su-attrezzature-di-lavoro\/#breadcrumb"},"inLanguage":"en-US","potentialAction":[{"@type":"ReadAction","target":["https:\/\/igq.it\/en\/services\/verifiche-su-attrezzature-di-lavoro\/"]}]},{"@type":"BreadcrumbList","@id":"https:\/\/igq.it\/en\/services\/verifiche-su-attrezzature-di-lavoro\/#breadcrumb","itemListElement":[{"@type":"ListItem","position":1,"name":"Home","item":"https:\/\/igq.it\/en\/"},{"@type":"ListItem","position":2,"name":"Services","item":"https:\/\/igq.it\/en\/servizi\/"},{"@type":"ListItem","position":3,"name":"Testing of lifting equipment"}]},{"@type":"WebSite","@id":"https:\/\/igq.it\/en\/#website","url":"https:\/\/igq.it\/en\/","name":"IGQ","description":"Istituto Italiano di Garanzia della Qualit\u00e0","publisher":{"@id":"https:\/\/igq.it\/en\/#organization"},"potentialAction":[{"@type":"SearchAction","target":{"@type":"EntryPoint","urlTemplate":"https:\/\/igq.it\/en\/?s={search_term_string}"},"query-input":{"@type":"PropertyValueSpecification","valueRequired":true,"valueName":"search_term_string"}}],"inLanguage":"en-US"},{"@type":"Organization","@id":"https:\/\/igq.it\/en\/#organization","name":"IGQ","url":"https:\/\/igq.it\/en\/","logo":{"@type":"ImageObject","inLanguage":"en-US","@id":"https:\/\/igq.it\/en\/#\/schema\/logo\/image\/","url":"https:\/\/igq.it\/wp-content\/uploads\/2022\/06\/Logo-IGQ.svg","contentUrl":"https:\/\/igq.it\/wp-content\/uploads\/2022\/06\/Logo-IGQ.svg","width":52,"height":52,"caption":"IGQ"},"image":{"@id":"https:\/\/igq.it\/en\/#\/schema\/logo\/image\/"},"sameAs":["https:\/\/www.facebook.com\/igqmilano\/","https:\/\/www.linkedin.com\/company\/igq-istituto-italiano-di-garanzia-della-qualit\u00e0"]}]}},"_links":{"self":[{"href":"https:\/\/igq.it\/en\/wp-json\/wp\/v2\/pages\/3807","targetHints":{"allow":["GET"]}}],"collection":[{"href":"https:\/\/igq.it\/en\/wp-json\/wp\/v2\/pages"}],"about":[{"href":"https:\/\/igq.it\/en\/wp-json\/wp\/v2\/types\/page"}],"author":[{"embeddable":true,"href":"https:\/\/igq.it\/en\/wp-json\/wp\/v2\/users\/1"}],"replies":[{"embeddable":true,"href":"https:\/\/igq.it\/en\/wp-json\/wp\/v2\/comments?post=3807"}],"version-history":[{"count":11,"href":"https:\/\/igq.it\/en\/wp-json\/wp\/v2\/pages\/3807\/revisions"}],"predecessor-version":[{"id":5262,"href":"https:\/\/igq.it\/en\/wp-json\/wp\/v2\/pages\/3807\/revisions\/5262"}],"up":[{"embeddable":true,"href":"https:\/\/igq.it\/en\/wp-json\/wp\/v2\/pages\/3772"}],"wp:attachment":[{"href":"https:\/\/igq.it\/en\/wp-json\/wp\/v2\/media?parent=3807"}],"curies":[{"name":"wp","href":"https:\/\/api.w.org\/{rel}","templated":true}]}}